{"id":7074,"date":"2021-03-29T11:16:12","date_gmt":"2021-03-29T09:16:12","guid":{"rendered":"https:\/\/inoq.de\/aviso-legal\/"},"modified":"2025-05-21T09:52:00","modified_gmt":"2025-05-21T07:52:00","slug":"aviso-legal","status":"publish","type":"page","link":"https:\/\/inoq.de\/es\/aviso-legal\/","title":{"rendered":"Aviso legal"},"content":{"rendered":"\t\t<div data-elementor-type=\"wp-page\" data-elementor-id=\"7074\" class=\"elementor elementor-7074 elementor-3473\" data-elementor-post-type=\"page\">\n\t\t\t\t\t\t<section class=\"elementor-section elementor-top-section elementor-element elementor-element-c7ef5ff elementor-section-boxed elementor-section-height-default elementor-section-height-default\" data-id=\"c7ef5ff\" data-element_type=\"section\" data-e-type=\"section\">\n\t\t\t\t\t\t<div class=\"elementor-container elementor-column-gap-default\">\n\t\t\t\t\t<div class=\"elementor-column elementor-col-100 elementor-top-column elementor-element elementor-element-218812e\" data-id=\"218812e\" data-element_type=\"column\" data-e-type=\"column\">\n\t\t\t<div class=\"elementor-widget-wrap elementor-element-populated\">\n\t\t\t\t\t\t<div class=\"elementor-element elementor-element-5ac2d06 elementor-widget elementor-widget-text-editor\" data-id=\"5ac2d06\" data-element_type=\"widget\" data-e-type=\"widget\" data-widget_type=\"text-editor.default\">\n\t\t\t\t<div class=\"elementor-widget-container\">\n\t\t\t\t\t\t\t\t\t<address>\n<h3>Aviso legal<\/h3>\n<p>Informaci\u00f3n conforme al art\u00edculo 5 de la Ley alemana de Telemedios (DDG)<\/p>\n<p><strong>Operador y contacto<\/strong><\/p>\n<p>INOQ GmbH<br \/>\nLoitze 6<br \/>\n29465 Schnega<\/p>\n<p><strong>Representado por:<\/strong> Markus Becker<\/p>\n<p><strong>Direcci\u00f3n:<\/strong> Imke Hutter<\/p>\n<p>Tel: +49 (0) 58 42- 98 16 72<br \/>\nFax: +49 (0) 58 42- 4 93<br \/>\nCorreo electr\u00f3nico: hutter(at)inoq.de<\/p>\n<p><strong>C\u00e1mara de comercio e industria competente:<\/strong> Luneburgo-Wolfsburgo<br \/>\n<strong>Tribunal de primera instancia de<\/strong> Tribunal de distrito de Luneburgo<br \/>\n<strong>N\u00famero de inscripci\u00f3n:<\/strong> HRB 212821<br \/>\n<strong>NIF-IVA conforme al art.\u00a027 a de la Ley alemana sobre el IVA:<\/strong> DE 454 025 241<\/p>\n<hr \/>\n<p><strong>Responsable por el contenido de esta p\u00e1gina (seg\u00fan el art. 5 de la DDG y el art. 55 del Pacto de Estado en materia de radio y televisi\u00f3n [RStV]):<\/strong><\/p>\n<address>Markus Becker, Loitze 6, 29465 Schnega<\/address>\n<p><strong>Responsabilidad por el contenido<\/strong><\/p>\n<p>Como proveedores de servicios, somos responsables del contenido de estas p\u00e1ginas seg\u00fan las leyes generales, de conformidad con el art. 7, apdo. 1 de la DDG. No obstante, en virtud de los art. 8-10 de la DDG, no estamos obligados a supervisar la informaci\u00f3n ajena transmitida o almacenada ni a investigarla en circunstancias que se\u00f1alen una actividad ilegal. Las obligaciones de eliminar o bloquear el uso de informaci\u00f3n conforme a las leyes generales permanecen inalteradas. Sin embargo, la responsabilidad en este sentido solo es posible a partir del momento en que llegue a nuestro conocimiento una infracci\u00f3n de derechos concreta. En caso de que dichas infracciones lleguen a nuestro conocimiento, eliminaremos los contenidos inmediatamente.<\/p>\n<p><strong>Responsabilidad por los enlaces<\/strong><\/p>\n<p>Nuestro sitio web contiene enlaces a sitios web de terceros, cuyo contenido no controlamos. Por eso, no podemos ofrecer ninguna garant\u00eda por estos contenidos ajenos. El responsable del contenido de las p\u00e1ginas enlazadas siempre es el proveedor u operador de la p\u00e1gina en cuesti\u00f3n. Las p\u00e1ginas enlazadas se comprobaron en el momento de establecer el enlace para detectar posibles infracciones legales y, en aquel momento, no se encontraron contenidos ilegales. No es razonable realizar un control permanente del contenido de las p\u00e1ginas enlazadas sin que existan indicios concretos de una infracci\u00f3n legal. En caso de que llegue a nuestro conocimiento la existencia de infracciones legales, eliminaremos dichos enlaces inmediatamente.<\/p>\n<p><strong>Derechos de autor<\/strong><\/p>\n<p>Los contenidos y obras creados por el operador de estas p\u00e1ginas y publicados en ellas est\u00e1n sujetos a los derechos de autor alemanes. La reproducci\u00f3n, modificaci\u00f3n, difusi\u00f3n y cualquier tipo de utilizaci\u00f3n de estos fuera de los l\u00edmites de los derechos de autor requieren la aprobaci\u00f3n por escrito del autor correspondiente. Solo se permite descargar y copiar esta p\u00e1gina para el uso privado no comercial. En caso de que el contenido de esta p\u00e1gina no haya sido creado por el operador, se tendr\u00e1n en cuenta los derechos de autor de terceros. En particular, los contenidos de terceros se identificar\u00e1n como tales. Si, a pesar de esto, el usuario detecta una infracci\u00f3n de los derechos de autor, rogamos que nos lo notifique. En caso de que llegue a nuestro conocimiento la existencia de infracciones de derechos, eliminaremos dichos contenidos inmediatamente.<\/p>\n<\/address>\n\t\t\t\t\t\t\t\t<\/div>\n\t\t\t\t<\/div>\n\t\t\t\t<section class=\"elementor-section elementor-inner-section elementor-element elementor-element-541f316 elementor-section-boxed elementor-section-height-default elementor-section-height-default\" data-id=\"541f316\" data-element_type=\"section\" data-e-type=\"section\">\n\t\t\t\t\t\t<div class=\"elementor-container elementor-column-gap-default\">\n\t\t\t\t\t<div class=\"elementor-column elementor-col-100 elementor-inner-column elementor-element elementor-element-5401625\" data-id=\"5401625\" data-element_type=\"column\" data-e-type=\"column\">\n\t\t\t<div class=\"elementor-widget-wrap elementor-element-populated\">\n\t\t\t\t\t\t<div class=\"elementor-element elementor-element-141ee5d elementor-widget elementor-widget-shortcode\" data-id=\"141ee5d\" data-element_type=\"widget\" data-e-type=\"widget\" data-widget_type=\"shortcode.default\">\n\t\t\t\t<div class=\"elementor-widget-container\">\n\t\t\t\t\t\t\t<div class=\"elementor-shortcode\"><div class=\"woocommerce woocommerce-gzd woocommerce-gzd-complaints-shortcode\">\n\t\t\t<h3>Alternative Dispute Resolution in accordance with Art. 14 (1) ODR-VO and \u00a7 36 VSBG:<\/h3>\n\t\nZur Teilnahme an einem Streitbeilegungsverfahren vor einer Verbraucherschlichtungsstelle sind wir nicht verpflichtet und nicht bereit.<\/div><\/div>\n\t\t\t\t\t\t<\/div>\n\t\t\t\t<\/div>\n\t\t\t\t\t<\/div>\n\t\t<\/div>\n\t\t\t\t\t<\/div>\n\t\t<\/section>\n\t\t\t\t\t<\/div>\n\t\t<\/div>\n\t\t\t\t\t<\/div>\n\t\t<\/section>\n\t\t\t\t<section class=\"elementor-section elementor-top-section elementor-element elementor-element-7676528 elementor-section-boxed elementor-section-height-default elementor-section-height-default\" data-id=\"7676528\" data-element_type=\"section\" data-e-type=\"section\">\n\t\t\t\t\t\t<div class=\"elementor-container elementor-column-gap-default\">\n\t\t\t\t\t<div class=\"elementor-column elementor-col-100 elementor-top-column elementor-element elementor-element-800a896\" data-id=\"800a896\" data-element_type=\"column\" data-e-type=\"column\">\n\t\t\t<div class=\"elementor-widget-wrap elementor-element-populated\">\n\t\t\t\t\t\t<div class=\"elementor-element elementor-element-c366a76 elementor-widget elementor-widget-heading\" data-id=\"c366a76\" data-element_type=\"widget\" data-e-type=\"widget\" data-widget_type=\"heading.default\">\n\t\t\t\t<div class=\"elementor-widget-container\">\n\t\t\t\t\t<h3 class=\"elementor-heading-title elementor-size-default\">Cr\u00e9ditos de las im\u00e1genes<\/h3>\t\t\t\t<\/div>\n\t\t\t\t<\/div>\n\t\t\t\t<div class=\"elementor-element elementor-element-1b88e1c elementor-widget elementor-widget-text-editor\" data-id=\"1b88e1c\" data-element_type=\"widget\" data-e-type=\"widget\" data-widget_type=\"text-editor.default\">\n\t\t\t\t<div class=\"elementor-widget-container\">\n\t\t\t\t\t\t\t\t\t<p>A menos que se indique lo contrario: INOQ GmbH<\/p>\n<p>stock.adobe.com &#8211;\u00a0<a href=\"https:\/\/stock.adobe.com\/de\/images\/garten\/40763904?prev_url=detail\">Garten<\/a>\u00a0\u00a9\u00a0<a href=\"https:\/\/stock.adobe.com\/de\/contributor\/200769992\/stefan-korber?load_type=author&amp;prev_url=detail\">Stefan K\u00f6rber<\/a> #40763904<\/p>\n<p>stock.adobe.com &#8211;\u00a0<a href=\"https:\/\/stock.adobe.com\/de\/images\/dachbegrunung\/274273599?prev_url=detail\">Dachbegr\u00fcnung<\/a><span style=\"font-size: 15px;\">\u00a0\u00a9 <a href=\"https:\/\/stock.adobe.com\/de\/contributor\/202428422\/dth48?load_type=author&amp;prev_url=detail\">dth48<\/a> #<\/span><span style=\"font-size: 15px;\">274273599<\/span><\/p>\n<p>stock.adobe.com &#8211; <a href=\"https:\/\/stock.adobe.com\/de\/images\/young-plant-in-sunlight\/202019298?prev_url=detail\">Young Plant in Sunlight<\/a>\u00a0\u00a9\u00a0<a href=\"https:\/\/stock.adobe.com\/de\/contributor\/331203\/pasko-maksim?load_type=author&amp;prev_url=detail\">Pasko Maksim<\/a> #<span style=\"font-size: 15px;\">202019298<\/span><\/p>\n<p>stock.adobe.com &#8211; <a href=\"https:\/\/stock.adobe.com\/de\/images\/road-traffic-on-the-highway-a4-in-poland\/183218515?prev_url=detail\">Road traffic on the highway A4 in Poland.<\/a> \u00a9 <a href=\"https:\/\/stock.adobe.com\/de\/contributor\/203906902\/shadowmoon30?load_type=author&amp;prev_url=detail\">shadowmoon30<\/a> #183218515<\/p>\n<p>stock.adobe.com &#8211; <a href=\"https:\/\/stock.adobe.com\/de\/images\/blooming-heather-at-dawn-at-the-posbank-the-netherlands\/166977983?prev_url=detail\">Blooming heather at dawn at the Posbank, The Netherlands<\/a> \u00a9 <a href=\"https:\/\/stock.adobe.com\/de\/contributor\/205759795\/sara-winter?load_type=author&amp;prev_url=detail\">sara_winter<\/a> #166977983<\/p>\n<p>stock.adobe.com &#8211; <a href=\"https:\/\/stock.adobe.com\/de\/images\/new-building-area-with-a-lot-of-green-seen-in-munich-germany\/216761794?prev_url=detail\">New building area with a lot of green seen in Munich, Germany<\/a> \u00a9 <a href=\"https:\/\/stock.adobe.com\/de\/contributor\/201623592\/elxeneize?load_type=author&amp;prev_url=detail\">elxeneize<\/a> #216761794<\/p>\n<p>stock.adobe.com &#8211; <a href=\"https:\/\/stock.adobe.com\/de\/images\/the-sand-bunker-in-golf-course\/191611215?prev_url=detail\">The sand Bunker in golf course<\/a>\u00a0\u00a9 <a href=\"https:\/\/stock.adobe.com\/de\/contributor\/207123289\/apchanel?load_type=author&amp;prev_url=detail\">APchanel<\/a> #191611215<\/p>\n<p>stock.adobe.com &#8211; <a href=\"https:\/\/stock.adobe.com\/de\/images\/vast-green-field-at-gorgeous-sunset-a-colorful-panoramic-landscape\/145277617?prev_url=detail\">Vast green field at gorgeous sunset, a colorful panoramic landscape<\/a> \u00a9 <a href=\"https:\/\/stock.adobe.com\/de\/contributor\/200823540\/smileus?load_type=author&amp;prev_url=detail\">Smileus<\/a> #145277617<\/p>\n<p>stock.adobe.com &#8211; <a href=\"https:\/\/stock.adobe.com\/de\/images\/young-plant-in-the-morning-light-on-nature-background\/94044924?prev_url=detail\">Young plant in the morning light on nature background<\/a>\u00a0\u00a9 <a href=\"https:\/\/stock.adobe.com\/de\/contributor\/203274194\/amenic181?load_type=author&amp;prev_url=detail\">amenic181<\/a> #94044924<\/p>\n<p>stock.adobe.com &#8211; <a href=\"https:\/\/stock.adobe.com\/de\/images\/forest-engineer-observes-the-growth-of-pine-seedlings-a-forester-with-a-computer-works-in-the-forest-the-concept-of-reforestation-on-the-planet-forest-worker-in-a-helmet-and-vest\/355507223?prev_url=detail\">Forest engineer observes the growth of pine seedlings. A forester with a computer works in the forest. The concept of reforestation on the planet. Forest worker in a helmet and vest.<\/a> \u00a9 <a href=\"https:\/\/stock.adobe.com\/de\/contributor\/209311262\/sergei?load_type=author&amp;prev_url=detail\">Sergei<\/a> #355507223<\/p>\n<p>stock.adobe.com &#8211; <a href=\"https:\/\/stock.adobe.com\/de\/images\/happy-and-smiling-senior-man-working-in-greenhouse\/315931445\">Happy and smiling senior man working in greenhouse.<\/a>\u00a0\u00a9 <a href=\"https:\/\/stock.adobe.com\/de\/contributor\/205764808\/dusko?load_type=author&amp;prev_url=detail\">Dusko<\/a> #315931445<\/p>\n<p>stock.adobe.com &#8211; <a href=\"https:\/\/stock.adobe.com\/de\/images\/farmer-woman-in-corn-field\/280705275\">Farmer woman in corn field<\/a>\u00a0\u00a9 <a href=\"https:\/\/stock.adobe.com\/de\/contributor\/200823096\/budimir-jevtic?load_type=author&amp;prev_url=detail\">Budimir Jevtic<\/a> #280705275<\/p>\n<p>stock.adobe.com &#8211; <a href=\"https:\/\/stock.adobe.com\/de\/images\/beautiful-garden-with-blooming-trees-during-spring-time-wales-uk\/270469021\">Beautiful Garden with blooming trees during spring time, Wales, UK<\/a>\u00a0\u00a9 <a href=\"https:\/\/stock.adobe.com\/de\/contributor\/205237387\/manuta?load_type=author&amp;prev_url=detail\">manuta<\/a> #270469021<\/p>\n<p>stock.adobe.com &#8211; <a href=\"https:\/\/stock.adobe.com\/de\/images\/bluhende-orchidee\/257937305\">Bl\u00fchende Orchidee<\/a>\u00a0\u00a9 <a href=\"https:\/\/stock.adobe.com\/de\/contributor\/202744450\/hecke71?load_type=author&amp;prev_url=detail\">hecke71<\/a> #257937305<\/p>\n<p>stock.adobe.com &#8211; <a href=\"https:\/\/stock.adobe.com\/de\/images\/mann-zeichnet-plan-fur-gartenbau\/255506952\">Mann zeichnet Plan f\u00fcr Gartenbau<\/a>\u00a0\u00a9 <a href=\"https:\/\/stock.adobe.com\/de\/contributor\/200485746\/reichdernatur?load_type=author&amp;prev_url=detail\">reichdernatur<\/a> #255506952<\/p>\n<p>stock.adobe.com &#8211; <a href=\"https:\/\/stock.adobe.com\/de\/images\/young-spruce-forest\/193020012\">Young Spruce Forest<\/a>\u00a0\u00a9 <a href=\"https:\/\/stock.adobe.com\/de\/contributor\/206907442\/alvydas?load_type=author&amp;prev_url=detail\">Alvydas<\/a> #193020012<\/p>\n<p>stock.adobe.com &#8211; <a href=\"https:\/\/stock.adobe.com\/de\/images\/selective-focus-on-pots-with-pink-heather-garden-center-market-shop\/171974778\">Selective focus on pots with pink heather. Garden center, market, shop.<\/a>\u00a0\u00a9 <a href=\"https:\/\/stock.adobe.com\/de\/contributor\/206329526\/andrii-zastrozhnov?load_type=author&amp;prev_url=detail\">Andrii Zastrozhnov<\/a> #171974778<\/p>\n<p>stock.adobe.com &#8211; <a href=\"https:\/\/stock.adobe.com\/de\/images\/soda-ash-in-jumbo-bags-are-store-in-warehouse-and-handling-by-forklift\/170315933\">Soda ash in jumbo bags are store in warehouse and handling by forklift<\/a>\u00a0\u00a9 <a href=\"https:\/\/stock.adobe.com\/de\/contributor\/206794982\/amarinj?load_type=author&amp;prev_url=detail\">Amarinj<\/a> #170315933<\/p>\n<p>stock.adobe.com &#8211; <a href=\"https:\/\/stock.adobe.com\/de\/images\/garden-design-with-tablet\/116649449\">Garden Design with Tablet<\/a>\u00a0\u00a9 <a href=\"https:\/\/stock.adobe.com\/de\/contributor\/200738455\/tomasz-zajda?load_type=author&amp;prev_url=detail\">Tomasz Zajda<\/a> #116649449<\/p>\n\t\t\t\t\t\t\t\t<\/div>\n\t\t\t\t<\/div>\n\t\t\t\t\t<\/div>\n\t\t<\/div>\n\t\t\t\t\t<\/div>\n\t\t<\/section>\n\t\t\t\t<\/div>\n\t\t","protected":false},"excerpt":{"rendered":"<p>Aviso legal Informaci\u00f3n conforme al art\u00edculo 5 de la Ley alemana de Telemedios (DDG) Operador y contacto INOQ GmbH Loitze 6 29465 Schnega Representado por: Markus Becker Direcci\u00f3n: Imke Hutter Tel: +49 (0) 58 42- 98 16 72 Fax: +49 (0) 58 42- 4 93 Correo electr\u00f3nico: hutter(at)inoq.de C\u00e1mara de comercio e industria competente: Luneburgo-Wolfsburgo [&hellip;]<\/p>\n","protected":false},"author":1,"featured_media":0,"parent":0,"menu_order":0,"comment_status":"closed","ping_status":"closed","template":"","meta":{"ocean_post_layout":"","ocean_both_sidebars_style":"","ocean_both_sidebars_content_width":0,"ocean_both_sidebars_sidebars_width":0,"ocean_sidebar":"0","ocean_second_sidebar":"0","ocean_disable_margins":"enable","ocean_add_body_class":"","ocean_shortcode_before_top_bar":"","ocean_shortcode_after_top_bar":"","ocean_shortcode_before_header":"","ocean_shortcode_after_header":"","ocean_has_shortcode":"","ocean_shortcode_after_title":"","ocean_shortcode_before_footer_widgets":"","ocean_shortcode_after_footer_widgets":"","ocean_shortcode_before_footer_bottom":"","ocean_shortcode_after_footer_bottom":"","ocean_display_top_bar":"default","ocean_display_header":"default","ocean_header_style":"","ocean_center_header_left_menu":"0","ocean_custom_header_template":"0","ocean_custom_logo":0,"ocean_custom_retina_logo":0,"ocean_custom_logo_max_width":0,"ocean_custom_logo_tablet_max_width":0,"ocean_custom_logo_mobile_max_width":0,"ocean_custom_logo_max_height":0,"ocean_custom_logo_tablet_max_height":0,"ocean_custom_logo_mobile_max_height":0,"ocean_header_custom_menu":"0","ocean_menu_typo_font_family":"0","ocean_menu_typo_font_subset":"","ocean_menu_typo_font_size":0,"ocean_menu_typo_font_size_tablet":0,"ocean_menu_typo_font_size_mobile":0,"ocean_menu_typo_font_size_unit":"px","ocean_menu_typo_font_weight":"","ocean_menu_typo_font_weight_tablet":"","ocean_menu_typo_font_weight_mobile":"","ocean_menu_typo_transform":"","ocean_menu_typo_transform_tablet":"","ocean_menu_typo_transform_mobile":"","ocean_menu_typo_line_height":0,"ocean_menu_typo_line_height_tablet":0,"ocean_menu_typo_line_height_mobile":0,"ocean_menu_typo_line_height_unit":"","ocean_menu_typo_spacing":0,"ocean_menu_typo_spacing_tablet":0,"ocean_menu_typo_spacing_mobile":0,"ocean_menu_typo_spacing_unit":"","ocean_menu_link_color":"","ocean_menu_link_color_hover":"","ocean_menu_link_color_active":"","ocean_menu_link_background":"","ocean_menu_link_hover_background":"","ocean_menu_link_active_background":"","ocean_menu_social_links_bg":"","ocean_menu_social_hover_links_bg":"","ocean_menu_social_links_color":"","ocean_menu_social_hover_links_color":"","ocean_disable_title":"default","ocean_disable_heading":"default","ocean_post_title":"","ocean_post_subheading":"","ocean_post_title_style":"","ocean_post_title_background_color":"","ocean_post_title_background":0,"ocean_post_title_bg_image_position":"","ocean_post_title_bg_image_attachment":"","ocean_post_title_bg_image_repeat":"","ocean_post_title_bg_image_size":"","ocean_post_title_height":0,"ocean_post_title_bg_overlay":0.5,"ocean_post_title_bg_overlay_color":"","ocean_disable_breadcrumbs":"default","ocean_breadcrumbs_color":"","ocean_breadcrumbs_separator_color":"","ocean_breadcrumbs_links_color":"","ocean_breadcrumbs_links_hover_color":"","ocean_display_footer_widgets":"default","ocean_display_footer_bottom":"default","ocean_custom_footer_template":"0","footnotes":""},"class_list":["post-7074","page","type-page","status-publish","hentry","entry","owp-thumbs-layout-horizontal","owp-btn-big","owp-tabs-layout-horizontal","has-no-thumbnails","has-product-nav"],"_links":{"self":[{"href":"https:\/\/inoq.de\/es\/wp-json\/wp\/v2\/pages\/7074","targetHints":{"allow":["GET"]}}],"collection":[{"href":"https:\/\/inoq.de\/es\/wp-json\/wp\/v2\/pages"}],"about":[{"href":"https:\/\/inoq.de\/es\/wp-json\/wp\/v2\/types\/page"}],"author":[{"embeddable":true,"href":"https:\/\/inoq.de\/es\/wp-json\/wp\/v2\/users\/1"}],"replies":[{"embeddable":true,"href":"https:\/\/inoq.de\/es\/wp-json\/wp\/v2\/comments?post=7074"}],"version-history":[{"count":3,"href":"https:\/\/inoq.de\/es\/wp-json\/wp\/v2\/pages\/7074\/revisions"}],"predecessor-version":[{"id":16947,"href":"https:\/\/inoq.de\/es\/wp-json\/wp\/v2\/pages\/7074\/revisions\/16947"}],"wp:attachment":[{"href":"https:\/\/inoq.de\/es\/wp-json\/wp\/v2\/media?parent=7074"}],"curies":[{"name":"wp","href":"https:\/\/api.w.org\/{rel}","templated":true}]}}